{"id":188,"date":"2020-08-04T16:02:11","date_gmt":"2020-08-04T14:02:11","guid":{"rendered":"https:\/\/mariateresanicotra.com\/?page_id=188"},"modified":"2021-03-14T13:36:09","modified_gmt":"2021-03-14T12:36:09","slug":"mentions-legales","status":"publish","type":"page","link":"https:\/\/mariateresanicotra.com\/index.php\/mentions-legales\/","title":{"rendered":"mentions-legales"},"content":{"rendered":"<p>[et_pb_section fb_built=&#8221;1&#8243; _builder_version=&#8221;4.0.6&#8243; background_color=&#8221;rgba(0,0,0,0)&#8221; use_background_color_gradient=&#8221;on&#8221; background_color_gradient_start=&#8221;#5395a5&#8243; background_color_gradient_end=&#8221;#cbe3e8&#8243; background_color_gradient_direction=&#8221;360deg&#8221; background_enable_image=&#8221;off&#8221; custom_css_main_element=&#8221;min-height: 70vh;||display: flex;||flex-direction: column;&#8221;][et_pb_row _builder_version=&#8221;4.0.6&#8243; background_color=&#8221;#FFFFFF&#8221; width=&#8221;89%&#8221; width_tablet=&#8221;&#8221; width_phone=&#8221;90%&#8221; width_last_edited=&#8221;on|phone&#8221; max_width_tablet=&#8221;&#8221; max_width_phone=&#8221;&#8221; max_width_last_edited=&#8221;on|phone&#8221; module_alignment=&#8221;center&#8221; custom_padding=&#8221;37px|37px|37px|37px|true|true&#8221;][et_pb_column type=&#8221;4_4&#8243; _builder_version=&#8221;4.0.6&#8243;][et_pb_text _builder_version=&#8221;4.0.6&#8243; width=&#8221;100%&#8221; custom_margin=&#8221;||4px||false|false&#8221; custom_padding=&#8221;0px||0px||true|false&#8221;]<\/p>\n<h1 style=\"text-align: center;\">Mentions l\u00e9gales<\/h1>\n<p>[\/et_pb_text][et_pb_divider color=&#8221;#000000&#8243; _builder_version=&#8221;4.0.6&#8243; width=&#8221;10%&#8221; module_alignment=&#8221;center&#8221; custom_margin=&#8221;11px||11px||true|false&#8221; custom_padding=&#8221;0px||0px|||&#8221;][\/et_pb_divider][et_pb_text _builder_version=&#8221;4.0.6&#8243; custom_margin=&#8221;-4px|||||&#8221;]<\/p>\n<h3><span>Maria Teresa Nicotra<\/span><\/h3>\n<p><span>Siret : 400 853 081 00034 \u2013 APE : 7430Z<br \/> <\/span><\/p>\n<p><span>Directrice de la publication : Maria Teresa Nicotra<br \/> <\/span><\/p>\n<h3><\/h3>\n<h3><span><\/span><\/h3>\n<h3><span><\/span><\/h3>\n<h3><span>Confidentialit\u00e9<\/span><\/h3>\n<p><span>En cas de contact, vos donn\u00e9es personnelles sont confidentielles et ne seront en aucun cas communiqu\u00e9es \u00e0 des tiers hormis pour la bonne ex\u00e9cution de la prestation.<\/span><\/p>\n<h3><span><\/span><\/h3>\n<h3><span><\/span><\/h3>\n<h3><span>Propri\u00e9t\u00e9 intellectuelle<\/span><\/h3>\n<p><span>Tout le contenu du pr\u00e9sent site, incluant, de fa\u00e7on non limitative, les graphismes, images, textes, vid\u00e9os, animations, sons, logos, gifs et ic\u00f4nes ainsi que leur mise en forme sont la propri\u00e9t\u00e9 exclusive de la soci\u00e9t\u00e9 Maria Teresa Nicotra \u00e0 l\u2019exception des marques, logos ou contenus appartenant \u00e0 d\u2019autres soci\u00e9t\u00e9s partenaires ou auteurs.<\/span><\/p>\n<p><span>Toute reproduction, distribution, modification, adaptation, retransmission ou publication, m\u00eame partielle, de ces diff\u00e9rents \u00e9l\u00e9ments est strictement interdite sans l\u2019accord expr\u00e8s par \u00e9crit de Maria Teresa Nicotra. Cette repr\u00e9sentation ou reproduction, par quelque proc\u00e9d\u00e9 que ce soit, constitue une contrefa\u00e7on sanctionn\u00e9e par les articles L.3335-2 et suivants du Code de la propri\u00e9t\u00e9 intellectuelle. Le non-respect de cette interdiction constitue une contrefa\u00e7on pouvant engager la responsabilit\u00e9 civile et p\u00e9nale du contrefacteur. En outre, les propri\u00e9taires des Contenus copi\u00e9s pourraient intenter une action en justice \u00e0 votre encontre.<\/span><\/p>\n<p>Pour toute demande d\u2019autorisation ou d\u2019information, veuillez nous contacter par email via le lien &#8220;contact&#8221; en bas de page.<\/p>\n<h3><span><\/span><\/h3>\n<h3><span><\/span><\/h3>\n<h3><span>H\u00e9bergeur<\/span><\/h3>\n<p><span>Le site <a href=\"https:\/\/maria\">https:\/\/mariateresanicotra.com<\/a> est h\u00e9berg\u00e9 par OVH \u2013 2 rue Kellermann \u2013 59100 ROUBAIX \u2013 France<\/span><br \/> <span>Pour contacter cet h\u00e9bergeur, rendez-vous \u00e0 l\u2019adresse\u00a0<a href=\"http:\/\/www.ovh.com\/fr\/support\/\">http:\/\/www.ovh.com\/fr\/support\/<\/a><\/span><\/p>\n<h3><span><\/span><\/h3>\n<h3><span><\/span><\/h3>\n<h3><span>Cookies<br \/> <\/span><\/h3>\n<p><span>Pour des besoins de statistiques et d\u2019affichage, le pr\u00e9sent site utilise des cookies. Il s\u2019agit de petits fichiers textes stock\u00e9s sur votre disque dur afin d\u2019enregistrer des donn\u00e9es techniques sur votre navigation. Certaines parties de ce site ne peuvent \u00eatre fonctionnelle sans l\u2019acceptation de cookies.<\/span><\/p>\n<p>[\/et_pb_text][et_pb_button button_url=&#8221;https:\/\/mariateresanicotra.com\/#contact&#8221; button_text=&#8221;CONTACT&#8221; button_alignment=&#8221;center&#8221; _builder_version=&#8221;4.0.6&#8243; button_border_color=&#8221;#5395a5&#8243; custom_margin=&#8221;0px||0px||true|false&#8221; custom_padding=&#8221;10px|20px|10px|20px|true|true&#8221; button_border_color__hover_enabled=&#8221;on|hover&#8221; button_text_color__hover_enabled=&#8221;on|hover&#8221;][\/et_pb_button][\/et_pb_column][\/et_pb_row][\/et_pb_section]<\/p>\n","protected":false},"excerpt":{"rendered":"<p>[et_pb_section fb_built=&#8221;1&#8243; _builder_version=&#8221;4.0.6&#8243; background_color=&#8221;rgba(0,0,0,0)&#8221; use_background_color_gradient=&#8221;on&#8221; background_color_gradient_start=&#8221;#5395a5&#8243; background_color_gradient_end=&#8221;#cbe3e8&#8243; background_color_gradient_direction=&#8221;360deg&#8221; background_enable_image=&#8221;off&#8221; custom_css_main_element=&#8221;min-height: 70vh;||display: flex;||flex-direction: column;&#8221;][et_pb_row _builder_version=&#8221;4.0.6&#8243; background_color=&#8221;#FFFFFF&#8221; width=&#8221;89%&#8221; width_tablet=&#8221;&#8221; width_phone=&#8221;90%&#8221; width_last_edited=&#8221;on|phone&#8221; max_width_tablet=&#8221;&#8221; max_width_phone=&#8221;&#8221; max_width_last_edited=&#8221;on|phone&#8221; module_alignment=&#8221;center&#8221; custom_padding=&#8221;37px|37px|37px|37px|true|true&#8221;][et_pb_column type=&#8221;4_4&#8243; _builder_version=&#8221;4.0.6&#8243;][et_pb_text _builder_version=&#8221;4.0.6&#8243; width=&#8221;100%&#8221; custom_margin=&#8221;||4px||false|false&#8221; custom_padding=&#8221;0px||0px||true|false&#8221;] Mentions l\u00e9gales [\/et_pb_text][et_pb_divider color=&#8221;#000000&#8243; _builder_version=&#8221;4.0.6&#8243; width=&#8221;10%&#8221; module_alignment=&#8221;center&#8221; custom_margin=&#8221;11px||11px||true|false&#8221; custom_padding=&#8221;0px||0px|||&#8221;][\/et_pb_divider][et_pb_text _builder_version=&#8221;4.0.6&#8243; custom_margin=&#8221;-4px|||||&#8221;] Maria Teresa Nicotra Siret : 400 853 081 00034 \u2013 APE : 7430Z Directrice [&hellip;]<\/p>\n","protected":false},"author":1,"featured_media":0,"parent":0,"menu_order":0,"comment_status":"closed","ping_status":"closed","template":"","meta":{"_et_pb_use_builder":"on","_et_pb_old_content":""},"yoast_head":"<!-- This site is optimized with the Yoast SEO plugin v18.4.1 - https:\/\/yoast.com\/wordpress\/plugins\/seo\/ -->\n<title>mentions-legales &ndash; Maria Teresa Nicotra<\/title>\n<meta name=\"robots\" content=\"index, follow, max-snippet:-1, max-image-preview:large, max-video-preview:-1\" \/>\n<link rel=\"canonical\" href=\"https:\/\/mariateresanicotra.com\/index.php\/mentions-legales\/\" \/>\n<meta property=\"og:locale\" content=\"en_US\" \/>\n<meta property=\"og:type\" content=\"article\" \/>\n<meta property=\"og:title\" content=\"mentions-legales &ndash; Maria Teresa Nicotra\" \/>\n<meta property=\"og:description\" content=\"[et_pb_section fb_built=&#8221;1&#8243; _builder_version=&#8221;4.0.6&#8243; background_color=&#8221;rgba(0,0,0,0)&#8221; use_background_color_gradient=&#8221;on&#8221; background_color_gradient_start=&#8221;#5395a5&#8243; background_color_gradient_end=&#8221;#cbe3e8&#8243; background_color_gradient_direction=&#8221;360deg&#8221; background_enable_image=&#8221;off&#8221; custom_css_main_element=&#8221;min-height: 70vh;||display: flex;||flex-direction: column;&#8221;][et_pb_row _builder_version=&#8221;4.0.6&#8243; background_color=&#8221;#FFFFFF&#8221; width=&#8221;89%&#8221; width_tablet=&#8221;&#8221; width_phone=&#8221;90%&#8221; width_last_edited=&#8221;on|phone&#8221; max_width_tablet=&#8221;&#8221; max_width_phone=&#8221;&#8221; max_width_last_edited=&#8221;on|phone&#8221; module_alignment=&#8221;center&#8221; custom_padding=&#8221;37px|37px|37px|37px|true|true&#8221;][et_pb_column type=&#8221;4_4&#8243; _builder_version=&#8221;4.0.6&#8243;][et_pb_text _builder_version=&#8221;4.0.6&#8243; width=&#8221;100%&#8221; custom_margin=&#8221;||4px||false|false&#8221; custom_padding=&#8221;0px||0px||true|false&#8221;] Mentions l\u00e9gales [\/et_pb_text][et_pb_divider color=&#8221;#000000&#8243; _builder_version=&#8221;4.0.6&#8243; width=&#8221;10%&#8221; module_alignment=&#8221;center&#8221; custom_margin=&#8221;11px||11px||true|false&#8221; custom_padding=&#8221;0px||0px|||&#8221;][\/et_pb_divider][et_pb_text _builder_version=&#8221;4.0.6&#8243; custom_margin=&#8221;-4px|||||&#8221;] Maria Teresa Nicotra Siret : 400 853 081 00034 \u2013 APE : 7430Z Directrice [&hellip;]\" \/>\n<meta property=\"og:url\" content=\"https:\/\/mariateresanicotra.com\/index.php\/mentions-legales\/\" \/>\n<meta property=\"og:site_name\" content=\"Maria Teresa Nicotra\" \/>\n<meta property=\"article:modified_time\" content=\"2021-03-14T12:36:09+00:00\" \/>\n<meta name=\"twitter:card\" content=\"summary_large_image\" \/>\n<meta name=\"twitter:label1\" content=\"Est. reading time\" \/>\n\t<meta name=\"twitter:data1\" content=\"3 minutes\" \/>\n<script type=\"application\/ld+json\" class=\"yoast-schema-graph\">{\"@context\":\"https:\/\/schema.org\",\"@graph\":[{\"@type\":\"Organization\",\"@id\":\"https:\/\/mariateresanicotra.com\/#organization\",\"name\":\"Maria Teresa Nicotra\",\"url\":\"https:\/\/mariateresanicotra.com\/\",\"sameAs\":[],\"logo\":{\"@type\":\"ImageObject\",\"@id\":\"https:\/\/mariateresanicotra.com\/#logo\",\"inLanguage\":\"en-US\",\"url\":\"https:\/\/mariateresanicotra.com\/wp-content\/uploads\/2020\/05\/logo.png\",\"contentUrl\":\"https:\/\/mariateresanicotra.com\/wp-content\/uploads\/2020\/05\/logo.png\",\"width\":208,\"height\":67,\"caption\":\"Maria Teresa Nicotra\"},\"image\":{\"@id\":\"https:\/\/mariateresanicotra.com\/#logo\"}},{\"@type\":\"WebSite\",\"@id\":\"https:\/\/mariateresanicotra.com\/#website\",\"url\":\"https:\/\/mariateresanicotra.com\/\",\"name\":\"Maria Teresa Nicotra\",\"description\":\"Traductrice, Interpr\u00e8te de liaison et Formatrice \",\"publisher\":{\"@id\":\"https:\/\/mariateresanicotra.com\/#organization\"},\"potentialAction\":[{\"@type\":\"SearchAction\",\"target\":{\"@type\":\"EntryPoint\",\"urlTemplate\":\"https:\/\/mariateresanicotra.com\/?s={search_term_string}\"},\"query-input\":\"required name=search_term_string\"}],\"inLanguage\":\"en-US\"},{\"@type\":\"WebPage\",\"@id\":\"https:\/\/mariateresanicotra.com\/index.php\/mentions-legales\/#webpage\",\"url\":\"https:\/\/mariateresanicotra.com\/index.php\/mentions-legales\/\",\"name\":\"mentions-legales &ndash; Maria Teresa Nicotra\",\"isPartOf\":{\"@id\":\"https:\/\/mariateresanicotra.com\/#website\"},\"datePublished\":\"2020-08-04T14:02:11+00:00\",\"dateModified\":\"2021-03-14T12:36:09+00:00\",\"breadcrumb\":{\"@id\":\"https:\/\/mariateresanicotra.com\/index.php\/mentions-legales\/#breadcrumb\"},\"inLanguage\":\"en-US\",\"potentialAction\":[{\"@type\":\"ReadAction\",\"target\":[\"https:\/\/mariateresanicotra.com\/index.php\/mentions-legales\/\"]}]},{\"@type\":\"BreadcrumbList\",\"@id\":\"https:\/\/mariateresanicotra.com\/index.php\/mentions-legales\/#breadcrumb\",\"itemListElement\":[{\"@type\":\"ListItem\",\"position\":1,\"name\":\"Home\",\"item\":\"https:\/\/mariateresanicotra.com\/\"},{\"@type\":\"ListItem\",\"position\":2,\"name\":\"mentions-legales\"}]}]}<\/script>\n<!-- \/ Yoast SEO plugin. -->","yoast_head_json":{"title":"mentions-legales &ndash; Maria Teresa Nicotra","robots":{"index":"index","follow":"follow","max-snippet":"max-snippet:-1","max-image-preview":"max-image-preview:large","max-video-preview":"max-video-preview:-1"},"canonical":"https:\/\/mariateresanicotra.com\/index.php\/mentions-legales\/","og_locale":"en_US","og_type":"article","og_title":"mentions-legales &ndash; Maria Teresa Nicotra","og_description":"[et_pb_section fb_built=&#8221;1&#8243; _builder_version=&#8221;4.0.6&#8243; background_color=&#8221;rgba(0,0,0,0)&#8221; use_background_color_gradient=&#8221;on&#8221; background_color_gradient_start=&#8221;#5395a5&#8243; background_color_gradient_end=&#8221;#cbe3e8&#8243; background_color_gradient_direction=&#8221;360deg&#8221; background_enable_image=&#8221;off&#8221; custom_css_main_element=&#8221;min-height: 70vh;||display: flex;||flex-direction: column;&#8221;][et_pb_row _builder_version=&#8221;4.0.6&#8243; background_color=&#8221;#FFFFFF&#8221; width=&#8221;89%&#8221; width_tablet=&#8221;&#8221; width_phone=&#8221;90%&#8221; width_last_edited=&#8221;on|phone&#8221; max_width_tablet=&#8221;&#8221; max_width_phone=&#8221;&#8221; max_width_last_edited=&#8221;on|phone&#8221; module_alignment=&#8221;center&#8221; custom_padding=&#8221;37px|37px|37px|37px|true|true&#8221;][et_pb_column type=&#8221;4_4&#8243; _builder_version=&#8221;4.0.6&#8243;][et_pb_text _builder_version=&#8221;4.0.6&#8243; width=&#8221;100%&#8221; custom_margin=&#8221;||4px||false|false&#8221; custom_padding=&#8221;0px||0px||true|false&#8221;] Mentions l\u00e9gales [\/et_pb_text][et_pb_divider color=&#8221;#000000&#8243; _builder_version=&#8221;4.0.6&#8243; width=&#8221;10%&#8221; module_alignment=&#8221;center&#8221; custom_margin=&#8221;11px||11px||true|false&#8221; custom_padding=&#8221;0px||0px|||&#8221;][\/et_pb_divider][et_pb_text _builder_version=&#8221;4.0.6&#8243; custom_margin=&#8221;-4px|||||&#8221;] Maria Teresa Nicotra Siret : 400 853 081 00034 \u2013 APE : 7430Z Directrice [&hellip;]","og_url":"https:\/\/mariateresanicotra.com\/index.php\/mentions-legales\/","og_site_name":"Maria Teresa Nicotra","article_modified_time":"2021-03-14T12:36:09+00:00","twitter_card":"summary_large_image","twitter_misc":{"Est. reading time":"3 minutes"},"schema":{"@context":"https:\/\/schema.org","@graph":[{"@type":"Organization","@id":"https:\/\/mariateresanicotra.com\/#organization","name":"Maria Teresa Nicotra","url":"https:\/\/mariateresanicotra.com\/","sameAs":[],"logo":{"@type":"ImageObject","@id":"https:\/\/mariateresanicotra.com\/#logo","inLanguage":"en-US","url":"https:\/\/mariateresanicotra.com\/wp-content\/uploads\/2020\/05\/logo.png","contentUrl":"https:\/\/mariateresanicotra.com\/wp-content\/uploads\/2020\/05\/logo.png","width":208,"height":67,"caption":"Maria Teresa Nicotra"},"image":{"@id":"https:\/\/mariateresanicotra.com\/#logo"}},{"@type":"WebSite","@id":"https:\/\/mariateresanicotra.com\/#website","url":"https:\/\/mariateresanicotra.com\/","name":"Maria Teresa Nicotra","description":"Traductrice, Interpr\u00e8te de liaison et Formatrice ","publisher":{"@id":"https:\/\/mariateresanicotra.com\/#organization"},"potentialAction":[{"@type":"SearchAction","target":{"@type":"EntryPoint","urlTemplate":"https:\/\/mariateresanicotra.com\/?s={search_term_string}"},"query-input":"required name=search_term_string"}],"inLanguage":"en-US"},{"@type":"WebPage","@id":"https:\/\/mariateresanicotra.com\/index.php\/mentions-legales\/#webpage","url":"https:\/\/mariateresanicotra.com\/index.php\/mentions-legales\/","name":"mentions-legales &ndash; Maria Teresa Nicotra","isPartOf":{"@id":"https:\/\/mariateresanicotra.com\/#website"},"datePublished":"2020-08-04T14:02:11+00:00","dateModified":"2021-03-14T12:36:09+00:00","breadcrumb":{"@id":"https:\/\/mariateresanicotra.com\/index.php\/mentions-legales\/#breadcrumb"},"inLanguage":"en-US","potentialAction":[{"@type":"ReadAction","target":["https:\/\/mariateresanicotra.com\/index.php\/mentions-legales\/"]}]},{"@type":"BreadcrumbList","@id":"https:\/\/mariateresanicotra.com\/index.php\/mentions-legales\/#breadcrumb","itemListElement":[{"@type":"ListItem","position":1,"name":"Home","item":"https:\/\/mariateresanicotra.com\/"},{"@type":"ListItem","position":2,"name":"mentions-legales"}]}]}},"_links":{"self":[{"href":"https:\/\/mariateresanicotra.com\/index.php\/wp-json\/wp\/v2\/pages\/188"}],"collection":[{"href":"https:\/\/mariateresanicotra.com\/index.php\/wp-json\/wp\/v2\/pages"}],"about":[{"href":"https:\/\/mariateresanicotra.com\/index.php\/wp-json\/wp\/v2\/types\/page"}],"author":[{"embeddable":true,"href":"https:\/\/mariateresanicotra.com\/index.php\/wp-json\/wp\/v2\/users\/1"}],"replies":[{"embeddable":true,"href":"https:\/\/mariateresanicotra.com\/index.php\/wp-json\/wp\/v2\/comments?post=188"}],"version-history":[{"count":9,"href":"https:\/\/mariateresanicotra.com\/index.php\/wp-json\/wp\/v2\/pages\/188\/revisions"}],"predecessor-version":[{"id":418,"href":"https:\/\/mariateresanicotra.com\/index.php\/wp-json\/wp\/v2\/pages\/188\/revisions\/418"}],"wp:attachment":[{"href":"https:\/\/mariateresanicotra.com\/index.php\/wp-json\/wp\/v2\/media?parent=188"}],"curies":[{"name":"wp","href":"https:\/\/api.w.org\/{rel}","templated":true}]}}